{"id":98,"date":"2026-04-01T17:16:02","date_gmt":"2026-04-01T17:16:02","guid":{"rendered":"https:\/\/smsp.cortazar.gob.mx\/?page_id=98"},"modified":"2026-04-06T21:03:47","modified_gmt":"2026-04-06T21:03:47","slug":"alerta-amber","status":"publish","type":"page","link":"https:\/\/smsp.cortazar.gob.mx\/index.php\/home\/alerta-amber\/","title":{"rendered":"Alerta Amber"},"content":{"rendered":"\t\t<div data-elementor-type=\"wp-page\" data-elementor-id=\"98\" class=\"elementor elementor-98\">\n\t\t\t\t<div class=\"elementor-element elementor-element-6b5291d e-con-full e-flex elementor-invisible e-con e-parent\" data-id=\"6b5291d\" data-element_type=\"container\" data-e-type=\"container\" data-settings=\"{&quot;animation&quot;:&quot;fadeIn&quot;}\">\n\t\t\t\t<div class=\"elementor-element elementor-element-d247351 elementor-widget elementor-widget-image\" data-id=\"d247351\" data-element_type=\"widget\" data-e-type=\"widget\" data-widget_type=\"image.default\">\n\t\t\t\t\t\t\t\t\t\t\t\t\t\t\t<img decoding=\"async\" width=\"300\" height=\"162\" src=\"https:\/\/smsp.cortazar.gob.mx\/wp-content\/uploads\/2026\/04\/AMBERLOGO-300x162.png\" class=\"attachment-medium size-medium wp-image-135\" alt=\"\" srcset=\"https:\/\/smsp.cortazar.gob.mx\/wp-content\/uploads\/2026\/04\/AMBERLOGO-300x162.png 300w, https:\/\/smsp.cortazar.gob.mx\/wp-content\/uploads\/2026\/04\/AMBERLOGO-1024x552.png 1024w, https:\/\/smsp.cortazar.gob.mx\/wp-content\/uploads\/2026\/04\/AMBERLOGO-768x414.png 768w, https:\/\/smsp.cortazar.gob.mx\/wp-content\/uploads\/2026\/04\/AMBERLOGO.png 1177w\" sizes=\"(max-width: 300px) 100vw, 300px\" \/>\t\t\t\t\t\t\t\t\t\t\t\t\t\t\t<\/div>\n\t\t\t\t<\/div>\n\t\t<div class=\"elementor-element elementor-element-3669e68 e-flex e-con-boxed e-con e-parent\" data-id=\"3669e68\" data-element_type=\"container\" data-e-type=\"container\">\n\t\t\t\t\t<div class=\"e-con-inner\">\n\t\t\t\t<div class=\"elementor-element elementor-element-353cae9 elementor-widget elementor-widget-spacer\" data-id=\"353cae9\" data-element_type=\"widget\" data-e-type=\"widget\" data-widget_type=\"spacer.default\">\n\t\t\t\t\t\t\t<div class=\"elementor-spacer\">\n\t\t\t<div class=\"elementor-spacer-inner\"><\/div>\n\t\t<\/div>\n\t\t\t\t\t\t<\/div>\n\t\t\t\t\t<\/div>\n\t\t\t\t<\/div>\n\t\t<div class=\"elementor-element elementor-element-da391a8 e-flex e-con-boxed elementor-invisible e-con e-parent\" data-id=\"da391a8\" data-element_type=\"container\" data-e-type=\"container\" data-settings=\"{&quot;animation&quot;:&quot;fadeIn&quot;}\">\n\t\t\t\t\t<div class=\"e-con-inner\">\n\t\t\t\t<div class=\"elementor-element elementor-element-dc3a8d2 elementor-widget-divider--view-line elementor-widget elementor-widget-divider\" data-id=\"dc3a8d2\" data-element_type=\"widget\" data-e-type=\"widget\" data-widget_type=\"divider.default\">\n\t\t\t\t\t\t\t<div class=\"elementor-divider\">\n\t\t\t<span class=\"elementor-divider-separator\">\n\t\t\t\t\t\t<\/span>\n\t\t<\/div>\n\t\t\t\t\t\t<\/div>\n\t\t\t\t\t<\/div>\n\t\t\t\t<\/div>\n\t\t<div class=\"elementor-element elementor-element-c0dbe76 e-flex e-con-boxed e-con e-parent\" data-id=\"c0dbe76\" data-element_type=\"container\" data-e-type=\"container\">\n\t\t\t\t\t<div class=\"e-con-inner\">\n\t\t\t\t<div class=\"elementor-element elementor-element-b5f8ef7 elementor-widget elementor-widget-spacer\" data-id=\"b5f8ef7\" data-element_type=\"widget\" data-e-type=\"widget\" data-widget_type=\"spacer.default\">\n\t\t\t\t\t\t\t<div class=\"elementor-spacer\">\n\t\t\t<div class=\"elementor-spacer-inner\"><\/div>\n\t\t<\/div>\n\t\t\t\t\t\t<\/div>\n\t\t\t\t\t<\/div>\n\t\t\t\t<\/div>\n\t\t<div class=\"elementor-element elementor-element-f9c5db2 e-flex e-con-boxed e-con e-parent\" data-id=\"f9c5db2\" data-element_type=\"container\" data-e-type=\"container\">\n\t\t\t\t\t<div class=\"e-con-inner\">\n\t\t\t\t<div class=\"elementor-element elementor-element-44388a5 elementor-widget elementor-widget-text-editor\" data-id=\"44388a5\" data-element_type=\"widget\" data-e-type=\"widget\" data-widget_type=\"text-editor.default\">\n\t\t\t\t\t\t\t\t\t<p><span style=\"color: #000000;\">La\u00a0<a style=\"color: #000000;\" href=\"https:\/\/www.google.com\/search?q=Alerta+AMBER+Guanajuato&amp;sca_esv=8526ead1974f28d5&amp;rlz=1C1ONGR_esMX1163MX1163&amp;sxsrf=ANbL-n6me7uBO3N8laXyp80PtOQdt667VA%3A1775506849040&amp;ei=oRXUacb_Abr7kPIPrc6g8QU&amp;biw=1777&amp;bih=821&amp;ved=2ahUKEwiDxpy-htqTAxVgN0QIHSpnIUoQgK4QegQIARAB&amp;uact=5&amp;oq=alerta+amber+guanajuato+que+es&amp;gs_lp=Egxnd3Mtd2l6LXNlcnAiHmFsZXJ0YSBhbWJlciBndWFuYWp1YXRvIHF1ZSBlczIFECEYoAEyBRAhGKABMgUQIRigATIEECEYFTIFECEYnwUyBRAhGJ8FMgUQIRifBTIFECEYnwUyBRAhGJ8FMgUQIRifBUjwF1CaClilDnABeAGQAQCYAc0LoAHNC6oBAzctMbgBA8gBAPgBAZgCAqACtQ3CAgoQABiwAxjWBBhHwgINEAAYgAQYsAMYQxiKBZgDAIgGAZAGCpIHBTEuNy0xoAfXCbIHAzctMbgH1gzCBwM1LTLIB4cBgAgA&amp;sclient=gws-wiz-serp&amp;mstk=AUtExfBWvuSlJjJlg35ROex3ebFbe11SQ7jXMtHd918Q3rNGhzO0ms8BzJiDcLbmoPTqmLCl2_shezb1UIgqT1_DTDh5iMKlcplYQfW9uLCXVBcEmTiaaLV4Gi1uQPv2L3mVjitRuYJC9oCrQ4iwGRUR97w9EhTjEAhs90tuzTS0fcUDNxHEr-lh0xUiEbkgk7ND4tOeLghlIYygLZDJaovz8Nt33lJtpeAeEgv3HthfQ4UB9tB5zJK4ClO0iq8CY3PTJPN9nFEG9wC-Tre5V2ULqAUcsoRURxusTyWsyqn80pQbsQ&amp;csui=3\" data-ved=\"2ahUKEwiDxpy-htqTAxVgN0QIHSpnIUoQgK4QegQIARAB\" data-hveid=\"CAEQAQ\">Alerta AMBER Guanajuato<\/a>\u00a0es un\u00a0mecanismo estatal de difusi\u00f3n inmediata para la localizaci\u00f3n r\u00e1pida de ni\u00f1as, ni\u00f1os y adolescentes (menores de 18 a\u00f1os) desaparecidos, cuando se encuentran en riesgo inminente de sufrir da\u00f1o grave. Opera a trav\u00e9s de\u00a0<a style=\"color: #000000;\" href=\"https:\/\/portal.fgeguanajuato.gob.mx\/PortalWebEstatal\/AlertaAmber\/Media\/Preguntas_Frecuentes.pdf\" data-hveid=\"CAEQAw\">la Fiscal\u00eda General del Estado de Guanajuato<\/a>, enlazando autoridades, medios de comunicaci\u00f3n y sociedad civil.<span aria-hidden=\"true\">\u00a0<\/span><\/span><\/p><p><strong>Caracter\u00edsticas clave de Alerta AMBER Guanajuato:<\/strong><\/p><p>\u00a0<\/p><p><strong>Objetivo:<\/strong>\u00a0Difusi\u00f3n masiva e inmediata de una ficha con fotograf\u00eda y datos del menor para agilizar su b\u00fasqueda y localizaci\u00f3n segura.<\/p><p><strong>Criterios de Activaci\u00f3n:<\/strong><\/p><ul><li>La persona desaparecida es menor de 18 a\u00f1os.<\/li><li>Existe riesgo inminente de da\u00f1o grave a su integridad.<\/li><li>Se cuenta con informaci\u00f3n suficiente para emitir la ficha (nombre, media filiaci\u00f3n, \u00faltima vez visto, etc.).<\/li><\/ul><p><strong>Vigencia:<\/strong>\u00a0La alerta se mantiene activa y se intensifica su difusi\u00f3n durante 72 horas, o hasta que el menor sea localizado, lo que ocurra primero.<\/p><p><strong>Funcionamiento:<\/strong>\u00a0Se implementa a trav\u00e9s de una red estatal y nacional, en colaboraci\u00f3n con medios de comunicaci\u00f3n y empresas para maximizar la difusi\u00f3n.<\/p><p><strong>Diferencia con Protocolo ALBA:<\/strong> Alerta AMBER es exclusiva para menores de 18 a\u00f1os, mientras que el Protocolo ALBA es para la b\u00fasqueda de mujeres desaparecidas de cualquier edad.\u00a0<\/p><p><span data-animation-atomic=\"\" data-wiz-attrbind=\"class=hSri7_j\/TKHnVd\"><span aria-hidden=\"true\">\u00a0<\/span><\/span><\/p>\t\t\t\t\t\t\t\t<\/div>\n\t\t\t\t\t<\/div>\n\t\t\t\t<\/div>\n\t\t<div class=\"elementor-element elementor-element-15cccf9 e-flex e-con-boxed e-con e-parent\" data-id=\"15cccf9\" data-element_type=\"container\" data-e-type=\"container\">\n\t\t\t\t\t<div class=\"e-con-inner\">\n\t\t\t\t<div class=\"elementor-element elementor-element-c89b087 elementor-arrows-position-inside elementor-pagination-position-outside elementor-widget elementor-widget-image-carousel\" data-id=\"c89b087\" data-element_type=\"widget\" data-e-type=\"widget\" data-settings=\"{&quot;navigation&quot;:&quot;both&quot;,&quot;autoplay&quot;:&quot;yes&quot;,&quot;pause_on_hover&quot;:&quot;yes&quot;,&quot;pause_on_interaction&quot;:&quot;yes&quot;,&quot;autoplay_speed&quot;:5000,&quot;infinite&quot;:&quot;yes&quot;,&quot;speed&quot;:500}\" data-widget_type=\"image-carousel.default\">\n\t\t\t\t\t\t\t<div class=\"elementor-image-carousel-wrapper swiper\" role=\"region\" aria-roledescription=\"carousel\" aria-label=\"Carrusel de Im\u00e1genes\" dir=\"ltr\">\n\t\t\t<div class=\"elementor-image-carousel swiper-wrapper\" aria-live=\"off\">\n\t\t\t\t\t\t\t\t<div class=\"swiper-slide\" role=\"group\" aria-roledescription=\"slide\" aria-label=\"1 de 3\"><figure class=\"swiper-slide-inner\"><img decoding=\"async\" class=\"swiper-slide-image\" src=\"https:\/\/smsp.cortazar.gob.mx\/wp-content\/uploads\/2026\/01\/pccrtz-150x150.png\" alt=\"pccrtz\" \/><\/figure><\/div><div class=\"swiper-slide\" role=\"group\" aria-roledescription=\"slide\" aria-label=\"2 de 3\"><figure class=\"swiper-slide-inner\"><img decoding=\"async\" class=\"swiper-slide-image\" src=\"https:\/\/smsp.cortazar.gob.mx\/wp-content\/uploads\/2026\/01\/atnmujr075-150x150.png\" alt=\"atnmujr075\" \/><\/figure><\/div><div class=\"swiper-slide\" role=\"group\" aria-roledescription=\"slide\" aria-label=\"3 de 3\"><figure class=\"swiper-slide-inner\"><img decoding=\"async\" class=\"swiper-slide-image\" src=\"https:\/\/smsp.cortazar.gob.mx\/wp-content\/uploads\/2026\/01\/dennac088-150x150.png\" alt=\"dennac088\" \/><\/figure><\/div>\t\t\t<\/div>\n\t\t\t\t\t\t\t\t\t\t\t\t<div class=\"elementor-swiper-button elementor-swiper-button-prev\" role=\"button\" tabindex=\"0\">\n\t\t\t\t\t\t<svg aria-hidden=\"true\" class=\"e-font-icon-svg e-eicon-chevron-left\" viewBox=\"0 0 1000 1000\" xmlns=\"http:\/\/www.w3.org\/2000\/svg\"><path d=\"M646 125C629 125 613 133 604 142L308 442C296 454 292 471 292 487 292 504 296 521 308 533L604 854C617 867 629 875 646 875 663 875 679 871 692 858 704 846 713 829 713 812 713 796 708 779 692 767L438 487 692 225C700 217 708 204 708 187 708 171 704 154 692 142 675 129 663 125 646 125Z\"><\/path><\/svg>\t\t\t\t\t<\/div>\n\t\t\t\t\t<div class=\"elementor-swiper-button elementor-swiper-button-next\" role=\"button\" tabindex=\"0\">\n\t\t\t\t\t\t<svg aria-hidden=\"true\" class=\"e-font-icon-svg e-eicon-chevron-right\" viewBox=\"0 0 1000 1000\" xmlns=\"http:\/\/www.w3.org\/2000\/svg\"><path d=\"M696 533C708 521 713 504 713 487 713 471 708 454 696 446L400 146C388 133 375 125 354 125 338 125 325 129 313 142 300 154 292 171 292 187 292 204 296 221 308 233L563 492 304 771C292 783 288 800 288 817 288 833 296 850 308 863 321 871 338 875 354 875 371 875 388 867 400 854L696 533Z\"><\/path><\/svg>\t\t\t\t\t<\/div>\n\t\t\t\t\n\t\t\t\t\t\t\t\t\t<div class=\"swiper-pagination\"><\/div>\n\t\t\t\t\t\t\t\t\t<\/div>\n\t\t\t\t\t\t<\/div>\n\t\t\t\t\t<\/div>\n\t\t\t\t<\/div>\n\t\t<div class=\"elementor-element elementor-element-8368b0a e-flex e-con-boxed e-con e-parent\" data-id=\"8368b0a\" data-element_type=\"container\" data-e-type=\"container\">\n\t\t\t\t\t<div class=\"e-con-inner\">\n\t\t\t\t\t<\/div>\n\t\t\t\t<\/div>\n\t\t<div class=\"elementor-element elementor-element-05145c0 e-flex e-con-boxed elementor-invisible e-con e-parent\" data-id=\"05145c0\" data-element_type=\"container\" data-e-type=\"container\" data-settings=\"{&quot;animation&quot;:&quot;fadeIn&quot;}\">\n\t\t\t\t\t<div class=\"e-con-inner\">\n\t\t<div class=\"elementor-element elementor-element-608791e e-con-full e-flex e-con e-child\" data-id=\"608791e\" data-element_type=\"container\" data-e-type=\"container\">\n\t\t\t\t<div class=\"elementor-element elementor-element-5227571 elementor-widget elementor-widget-heading\" data-id=\"5227571\" data-element_type=\"widget\" data-e-type=\"widget\" data-widget_type=\"heading.default\">\n\t\t\t\t\t<h2 class=\"elementor-heading-title elementor-size-default\">Sistema Municipal de Seguridad P\u00fablica<\/h2>\t\t\t\t<\/div>\n\t\t\t\t<div class=\"elementor-element elementor-element-1dd6e0f elementor-widget elementor-widget-text-editor\" data-id=\"1dd6e0f\" data-element_type=\"widget\" data-e-type=\"widget\" data-widget_type=\"text-editor.default\">\n\t\t\t\t\t\t\t\t\t<p><span style=\"color: #000000;\">Avenida Camelinas No. 1204 Interior 1, Colonia la Perla, C.P. 32342.<br \/><\/span><span style=\"color: #000000;\"><a style=\"color: #000000;\" href=\"tel:4111603823\">Tel. 411 160 38 23<\/a><\/span><\/p>\t\t\t\t\t\t\t\t<\/div>\n\t\t\t\t<\/div>\n\t\t<div class=\"elementor-element elementor-element-21f5dad e-con-full e-flex e-con e-child\" data-id=\"21f5dad\" data-element_type=\"container\" data-e-type=\"container\">\n\t\t\t\t<div class=\"elementor-element elementor-element-9e3c0e5 elementor-widget elementor-widget-image\" data-id=\"9e3c0e5\" data-element_type=\"widget\" data-e-type=\"widget\" data-widget_type=\"image.default\">\n\t\t\t\t\t\t\t\t\t\t\t\t\t\t\t<img fetchpriority=\"high\" decoding=\"async\" width=\"768\" height=\"162\" src=\"https:\/\/smsp.cortazar.gob.mx\/wp-content\/uploads\/2026\/01\/PIE-DE-PAGINA-768x162.png\" class=\"attachment-medium_large size-medium_large wp-image-28\" alt=\"\" srcset=\"https:\/\/smsp.cortazar.gob.mx\/wp-content\/uploads\/2026\/01\/PIE-DE-PAGINA-768x162.png 768w, https:\/\/smsp.cortazar.gob.mx\/wp-content\/uploads\/2026\/01\/PIE-DE-PAGINA-300x63.png 300w, https:\/\/smsp.cortazar.gob.mx\/wp-content\/uploads\/2026\/01\/PIE-DE-PAGINA-1024x215.png 1024w, https:\/\/smsp.cortazar.gob.mx\/wp-content\/uploads\/2026\/01\/PIE-DE-PAGINA-1536x323.png 1536w, https:\/\/smsp.cortazar.gob.mx\/wp-content\/uploads\/2026\/01\/PIE-DE-PAGINA.png 1978w\" sizes=\"(max-width: 768px) 100vw, 768px\" \/>\t\t\t\t\t\t\t\t\t\t\t\t\t\t\t<\/div>\n\t\t\t\t<\/div>\n\t\t\t\t\t<\/div>\n\t\t\t\t<\/div>\n\t\t<div class=\"elementor-element elementor-element-5a7a3db e-flex e-con-boxed e-con e-parent\" data-id=\"5a7a3db\" data-element_type=\"container\" data-e-type=\"container\">\n\t\t\t\t\t<div class=\"e-con-inner\">\n\t\t\t\t\t<\/div>\n\t\t\t\t<\/div>\n\t\t<div class=\"elementor-element elementor-element-55255f1 e-flex e-con-boxed e-con e-parent\" data-id=\"55255f1\" data-element_type=\"container\" data-e-type=\"container\">\n\t\t\t\t\t<div class=\"e-con-inner\">\n\t\t<div class=\"elementor-element elementor-element-a376ac8 e-con-full e-flex e-con e-child\" data-id=\"a376ac8\" data-element_type=\"container\" data-e-type=\"container\">\n\t\t\t\t<\/div>\n\t\t\t\t\t<\/div>\n\t\t\t\t<\/div>\n\t\t<div class=\"elementor-element elementor-element-8486449 e-flex e-con-boxed e-con e-parent\" data-id=\"8486449\" data-element_type=\"container\" data-e-type=\"container\">\n\t\t\t\t\t<div class=\"e-con-inner\">\n\t\t\t\t\t<\/div>\n\t\t\t\t<\/div>\n\t\t<div class=\"elementor-element elementor-element-f3e5209 e-flex e-con-boxed e-con e-parent\" data-id=\"f3e5209\" data-element_type=\"container\" data-e-type=\"container\">\n\t\t\t\t\t<div class=\"e-con-inner\">\n\t\t\t\t\t<\/div>\n\t\t\t\t<\/div>\n\t\t\t\t<\/div>\n\t\t","protected":false},"excerpt":{"rendered":"<p>La\u00a0Alerta AMBER Guanajuato\u00a0es un\u00a0mecanismo estatal de difusi\u00f3n inmediata para la localizaci\u00f3n r\u00e1pida de ni\u00f1as, ni\u00f1os y adolescentes (menores de 18 a\u00f1os) desaparecidos, cuando se encuentran en riesgo inminente de sufrir da\u00f1o grave. Opera a trav\u00e9s de\u00a0la Fiscal\u00eda General del Estado de Guanajuato, enlazando autoridades, medios de comunicaci\u00f3n y sociedad civil.\u00a0 Caracter\u00edsticas clave de Alerta AMBER [&hellip;]<\/p>\n","protected":false},"author":1,"featured_media":0,"parent":9,"menu_order":1,"comment_status":"closed","ping_status":"closed","template":"elementor_header_footer","meta":{"footnotes":""},"class_list":["post-98","page","type-page","status-publish","hentry"],"_links":{"self":[{"href":"https:\/\/smsp.cortazar.gob.mx\/index.php\/wp-json\/wp\/v2\/pages\/98","targetHints":{"allow":["GET"]}}],"collection":[{"href":"https:\/\/smsp.cortazar.gob.mx\/index.php\/wp-json\/wp\/v2\/pages"}],"about":[{"href":"https:\/\/smsp.cortazar.gob.mx\/index.php\/wp-json\/wp\/v2\/types\/page"}],"author":[{"embeddable":true,"href":"https:\/\/smsp.cortazar.gob.mx\/index.php\/wp-json\/wp\/v2\/users\/1"}],"replies":[{"embeddable":true,"href":"https:\/\/smsp.cortazar.gob.mx\/index.php\/wp-json\/wp\/v2\/comments?post=98"}],"version-history":[{"count":11,"href":"https:\/\/smsp.cortazar.gob.mx\/index.php\/wp-json\/wp\/v2\/pages\/98\/revisions"}],"predecessor-version":[{"id":146,"href":"https:\/\/smsp.cortazar.gob.mx\/index.php\/wp-json\/wp\/v2\/pages\/98\/revisions\/146"}],"up":[{"embeddable":true,"href":"https:\/\/smsp.cortazar.gob.mx\/index.php\/wp-json\/wp\/v2\/pages\/9"}],"wp:attachment":[{"href":"https:\/\/smsp.cortazar.gob.mx\/index.php\/wp-json\/wp\/v2\/media?parent=98"}],"curies":[{"name":"wp","href":"https:\/\/api.w.org\/{rel}","templated":true}]}}